{"id":1767,"date":"2022-04-12T12:36:58","date_gmt":"2022-04-12T10:36:58","guid":{"rendered":"https:\/\/nak-automation.de\/whistleblower-portal\/"},"modified":"2022-04-12T12:56:09","modified_gmt":"2022-04-12T10:56:09","slug":"whistleblower-portal","status":"publish","type":"page","link":"https:\/\/nak-automation.de\/en\/whistleblower-portal\/","title":{"rendered":"Whistleblower portal"},"content":{"rendered":"<p><div class=\"fusion-fullwidth fullwidth-box fusion-builder-row-1 fusion-flex-container nonhundred-percent-fullwidth non-hundred-percent-height-scrolling\" style=\"--awb-border-radius-top-left:0px;--awb-border-radius-top-right:0px;--awb-border-radius-bottom-right:0px;--awb-border-radius-bottom-left:0px;--awb-padding-top:20px;--awb-padding-bottom:20px;--awb-margin-top:0px;--awb-margin-bottom:20px;--awb-flex-wrap:wrap;\" ><div class=\"fusion-builder-row fusion-row fusion-flex-align-items-flex-start fusion-flex-content-wrap\" style=\"max-width:1248px;margin-left: calc(-4% \/ 2 );margin-right: calc(-4% \/ 2 );\"><div class=\"fusion-layout-column fusion_builder_column fusion-builder-column-0 fusion_builder_column_1_1 1_1 fusion-flex-column\" style=\"--awb-bg-size:cover;--awb-width-large:100%;--awb-margin-top-large:0px;--awb-spacing-right-large:1.92%;--awb-margin-bottom-large:20px;--awb-spacing-left-large:1.92%;--awb-width-medium:100%;--awb-spacing-right-medium:1.92%;--awb-spacing-left-medium:1.92%;--awb-width-small:100%;--awb-spacing-right-small:1.92%;--awb-spacing-left-small:1.92%;\"><div class=\"fusion-column-wrapper fusion-column-has-shadow fusion-flex-justify-content-flex-start fusion-content-layout-column\"><div class=\"fusion-text fusion-text-1\" style=\"--awb-text-transform:none;--awb-text-color:#dd0000;\"><h1 style=\"text-align: center;\">Whistleblower portal<\/h1>\n<\/div><div class=\"fusion-separator fusion-full-width-sep\" style=\"align-self: center;margin-left: auto;margin-right: auto;margin-top:20px;margin-bottom:20px;width:100%;\"><\/div><div class=\"fusion-text fusion-text-2 fusion-text-no-margin\" style=\"--awb-text-transform:none;--awb-margin-bottom:20px;\"><h2>Establishment of an anonymous whistleblower system<\/h2>\n<\/div><div class=\"fusion-text fusion-text-3\" style=\"--awb-text-transform:none;\"><p>nak Automation GmbH \u2013 hereinafter referred to as nak \u2013 provides you as a whistleblower with a secure reporting channel. According to the Whistleblower Protection Act (HinSchG), this term refers to a system that allows you to submit anonymous tips confidentially.<\/p>\n<p>Confidentiality in this context means that &#8220;a reporting channel is securely designed, established and operated in such a way that the confidentiality of the identity of the whistleblower and third parties mentioned in his or her report is maintained&#8221;. The confidentiality of a whistleblower must be guaranteed, he or she must not suffer reprisals, discrimination or disadvantages because of a report.<\/p>\n<p><strong>You want to point out possible grievances in an uncomplicated way, have suggestions or complaints, but would like to remain anonymous?<\/strong><\/p>\n<p>Employees and other interested persons can report any incidents or violations confidentially without being prosecuted. To protect them and their information, this is done by forwarding them to an external, secure platform.<\/p>\n<p>Your identity and personal data will not be collected or stored as part of your notice unless you expressly consent to this.<\/p>\n<p>The contents of your confidentially sent message will be forwarded anonymously to nak Automation GmbH by the whistleblower portal vertraulichmelden.de, but under no circumstances with details of your identity.<\/p>\n<\/div><div ><a class=\"fusion-button button-flat fusion-button-default-size button-default fusion-button-default button-1 fusion-button-default-span fusion-button-default-type\" target=\"_blank\" rel=\"noopener noreferrer\" href=\"https:\/\/www.vertraulichmelden.de\/nak-automation\/\"><span class=\"fusion-button-text awb-button__text awb-button__text--default\">To the whistleblower portal<\/span><\/a><\/div><\/div><\/div><\/div><\/div><div class=\"fusion-fullwidth fullwidth-box fusion-builder-row-2 fusion-flex-container nonhundred-percent-fullwidth non-hundred-percent-height-scrolling\" style=\"--awb-border-radius-top-left:0px;--awb-border-radius-top-right:0px;--awb-border-radius-bottom-right:0px;--awb-border-radius-bottom-left:0px;--awb-margin-top:0px;--awb-margin-bottom:50px;--awb-flex-wrap:wrap;\" ><div class=\"fusion-builder-row fusion-row fusion-flex-align-items-flex-start fusion-flex-content-wrap\" style=\"max-width:1248px;margin-left: calc(-4% \/ 2 );margin-right: calc(-4% \/ 2 );\"><div class=\"fusion-layout-column fusion_builder_column fusion-builder-column-1 fusion_builder_column_1_1 1_1 fusion-flex-column\" style=\"--awb-bg-size:cover;--awb-width-large:100%;--awb-margin-top-large:0px;--awb-spacing-right-large:1.92%;--awb-margin-bottom-large:0px;--awb-spacing-left-large:1.92%;--awb-width-medium:100%;--awb-order-medium:0;--awb-spacing-right-medium:1.92%;--awb-spacing-left-medium:1.92%;--awb-width-small:100%;--awb-order-small:0;--awb-spacing-right-small:1.92%;--awb-spacing-left-small:1.92%;\"><div class=\"fusion-column-wrapper fusion-column-has-shadow fusion-flex-justify-content-flex-start fusion-content-layout-column\"><div class=\"fusion-text fusion-text-4\" style=\"--awb-text-transform:none;\"><p>Details of the external whistleblower portal commissioned by nak as a service provider:<\/p>\n<\/div><\/div><\/div><div class=\"fusion-layout-column fusion_builder_column fusion-builder-column-2 fusion_builder_column_1_3 1_3 fusion-flex-column\" style=\"--awb-bg-size:cover;--awb-width-large:33.333333333333%;--awb-margin-top-large:0px;--awb-spacing-right-large:5.76%;--awb-margin-bottom-large:20px;--awb-spacing-left-large:5.76%;--awb-width-medium:100%;--awb-order-medium:0;--awb-spacing-right-medium:1.92%;--awb-spacing-left-medium:1.92%;--awb-width-small:100%;--awb-order-small:0;--awb-spacing-right-small:1.92%;--awb-spacing-left-small:1.92%;\"><div class=\"fusion-column-wrapper fusion-column-has-shadow fusion-flex-justify-content-flex-start fusion-content-layout-column\"><div class=\"fusion-text fusion-text-5\" style=\"--awb-text-transform:none;\"><p><strong>vertraulichmelden.de<\/strong><br \/>\nThomas Schie\u00dfl<br \/>\nUntere Ringstrasse 26, 94347 Ascha<br \/>\nGermany<br \/>\nPhone: +49 (0)1 71 \u2013 1 46 28 86<br \/>\nE-Mail: kontakt@vertraulichmelden.de<\/p>\n<\/div><\/div><\/div><div class=\"fusion-layout-column fusion_builder_column fusion-builder-column-3 fusion_builder_column_1_3 1_3 fusion-flex-column fusion-flex-align-self-flex-end\" style=\"--awb-bg-size:cover;--awb-width-large:33.333333333333%;--awb-margin-top-large:0px;--awb-spacing-right-large:5.76%;--awb-margin-bottom-large:25px;--awb-spacing-left-large:5.76%;--awb-width-medium:100%;--awb-order-medium:0;--awb-spacing-right-medium:1.92%;--awb-spacing-left-medium:1.92%;--awb-width-small:100%;--awb-order-small:0;--awb-spacing-right-small:1.92%;--awb-spacing-left-small:1.92%;\"><div class=\"fusion-column-wrapper fusion-column-has-shadow fusion-flex-justify-content-flex-end fusion-content-layout-column\"><div class=\"fusion-text fusion-text-6\" style=\"--awb-font-size:15px;--awb-line-height:20px;--awb-text-transform:none;--awb-text-color:#aaaaaa;\"><p>More detailed information \u2013 for example on the functioning and anonymity of the reporting system, on data protection or on your rights as a whistleblower \u2013 can be found in the information provided by the reporting portal operator on the linked website.<\/p>\n<\/div><\/div><\/div><div class=\"fusion-layout-column fusion_builder_column fusion-builder-column-4 fusion_builder_column_1_3 1_3 fusion-flex-column\" style=\"--awb-bg-size:cover;--awb-width-large:33.333333333333%;--awb-margin-top-large:0px;--awb-spacing-right-large:5.76%;--awb-margin-bottom-large:20px;--awb-spacing-left-large:5.76%;--awb-width-medium:100%;--awb-order-medium:0;--awb-spacing-right-medium:1.92%;--awb-spacing-left-medium:1.92%;--awb-width-small:100%;--awb-order-small:0;--awb-spacing-right-small:1.92%;--awb-spacing-left-small:1.92%;\"><div class=\"fusion-column-wrapper fusion-column-has-shadow fusion-flex-justify-content-flex-start fusion-content-layout-column\"><div class=\"fusion-image-element \" style=\"--awb-margin-top:10px;--awb-caption-title-font-family:var(--h2_typography-font-family);--awb-caption-title-font-weight:var(--h2_typography-font-weight);--awb-caption-title-font-style:var(--h2_typography-font-style);--awb-caption-title-size:var(--h2_typography-font-size);--awb-caption-title-transform:var(--h2_typography-text-transform);--awb-caption-title-line-height:var(--h2_typography-line-height);--awb-caption-title-letter-spacing:var(--h2_typography-letter-spacing);\"><span class=\" fusion-imageframe imageframe-none imageframe-1 hover-type-none\"><a class=\"fusion-no-lightbox\" href=\"https:\/\/www.vertraulichmelden.de\" target=\"_blank\" aria-label=\"hinweisgeberportal-vertraulich-melden-logo-400\" rel=\"noopener noreferrer\"><img decoding=\"async\" width=\"400\" height=\"184\" src=\"https:\/\/nak-automation.de\/wp-content\/uploads\/sites\/2\/2022\/04\/hinweisgeberportal-vertraulich-melden-logo-400.png\" data-orig-src=\"https:\/\/nak-automation.de\/wp-content\/uploads\/sites\/2\/2022\/04\/hinweisgeberportal-vertraulich-melden-logo-400.png\" alt class=\"lazyload img-responsive wp-image-1753\" srcset=\"data:image\/svg+xml,%3Csvg%20xmlns%3D%27http%3A%2F%2Fwww.w3.org%2F2000%2Fsvg%27%20width%3D%27400%27%20height%3D%27184%27%20viewBox%3D%270%200%20400%20184%27%3E%3Crect%20width%3D%27400%27%20height%3D%27184%27%20fill-opacity%3D%220%22%2F%3E%3C%2Fsvg%3E\" data-srcset=\"https:\/\/nak-automation.de\/wp-content\/uploads\/sites\/2\/2022\/04\/hinweisgeberportal-vertraulich-melden-logo-400-200x92.png 200w, https:\/\/nak-automation.de\/wp-content\/uploads\/sites\/2\/2022\/04\/hinweisgeberportal-vertraulich-melden-logo-400.png 400w\" data-sizes=\"auto\" data-orig-sizes=\"(max-width: 1024px) 100vw, (max-width: 640px) 100vw, 400px\" \/><\/a><\/span><\/div><\/div><\/div><\/div><\/div><\/p>\n","protected":false},"excerpt":{"rendered":"","protected":false},"author":1,"featured_media":0,"parent":0,"menu_order":0,"comment_status":"closed","ping_status":"closed","template":"100-width.php","meta":{"footnotes":""},"class_list":["post-1767","page","type-page","status-publish","hentry"],"yoast_head":"<!-- This site is optimized with the Yoast SEO plugin v27.5 - https:\/\/yoast.com\/product\/yoast-seo-wordpress\/ -->\n<title>Whistleblower portal - nak automation<\/title>\n<meta name=\"description\" content=\"Flexible Zuf\u00fchrtechnik aus Bayern. Hochwertige Zuf\u00fchrl\u00f6sungen und Zuf\u00fchrkomponenten im Baukastensystem.\" \/>\n<meta name=\"robots\" content=\"index, follow, max-snippet:-1, max-image-preview:large, max-video-preview:-1\" \/>\n<link rel=\"canonical\" href=\"https:\/\/nak-automation.de\/en\/whistleblower-portal\/\" \/>\n<meta property=\"og:locale\" content=\"en_US\" \/>\n<meta property=\"og:type\" content=\"article\" \/>\n<meta property=\"og:title\" content=\"Whistleblower portal - nak automation\" \/>\n<meta property=\"og:description\" content=\"Flexible Zuf\u00fchrtechnik aus Bayern. Hochwertige Zuf\u00fchrl\u00f6sungen und Zuf\u00fchrkomponenten im Baukastensystem.\" \/>\n<meta property=\"og:url\" content=\"https:\/\/nak-automation.de\/en\/whistleblower-portal\/\" \/>\n<meta property=\"og:site_name\" content=\"nak automation\" \/>\n<meta property=\"article:modified_time\" content=\"2022-04-12T10:56:09+00:00\" \/>\n<meta name=\"twitter:card\" content=\"summary_large_image\" \/>\n<meta name=\"twitter:label1\" content=\"Est. reading time\" \/>\n\t<meta name=\"twitter:data1\" content=\"15 minutes\" \/>\n<script type=\"application\/ld+json\" class=\"yoast-schema-graph\">{\"@context\":\"https:\\\/\\\/schema.org\",\"@graph\":[{\"@type\":\"WebPage\",\"@id\":\"https:\\\/\\\/nak-automation.de\\\/en\\\/whistleblower-portal\\\/\",\"url\":\"https:\\\/\\\/nak-automation.de\\\/en\\\/whistleblower-portal\\\/\",\"name\":\"Whistleblower portal - nak automation\",\"isPartOf\":{\"@id\":\"https:\\\/\\\/nak-automation.de\\\/en\\\/#website\"},\"datePublished\":\"2022-04-12T10:36:58+00:00\",\"dateModified\":\"2022-04-12T10:56:09+00:00\",\"description\":\"Flexible Zuf\u00fchrtechnik aus Bayern. Hochwertige Zuf\u00fchrl\u00f6sungen und Zuf\u00fchrkomponenten im Baukastensystem.\",\"breadcrumb\":{\"@id\":\"https:\\\/\\\/nak-automation.de\\\/en\\\/whistleblower-portal\\\/#breadcrumb\"},\"inLanguage\":\"en-US\",\"potentialAction\":[{\"@type\":\"ReadAction\",\"target\":[\"https:\\\/\\\/nak-automation.de\\\/en\\\/whistleblower-portal\\\/\"]}]},{\"@type\":\"BreadcrumbList\",\"@id\":\"https:\\\/\\\/nak-automation.de\\\/en\\\/whistleblower-portal\\\/#breadcrumb\",\"itemListElement\":[{\"@type\":\"ListItem\",\"position\":1,\"name\":\"Startseite\",\"item\":\"https:\\\/\\\/nak-automation.de\\\/en\\\/\"},{\"@type\":\"ListItem\",\"position\":2,\"name\":\"Whistleblower portal\"}]},{\"@type\":\"WebSite\",\"@id\":\"https:\\\/\\\/nak-automation.de\\\/en\\\/#website\",\"url\":\"https:\\\/\\\/nak-automation.de\\\/en\\\/\",\"name\":\"nak automation\",\"description\":\"Experts in Part Feeding\",\"publisher\":{\"@id\":\"https:\\\/\\\/nak-automation.de\\\/en\\\/#organization\"},\"potentialAction\":[{\"@type\":\"SearchAction\",\"target\":{\"@type\":\"EntryPoint\",\"urlTemplate\":\"https:\\\/\\\/nak-automation.de\\\/en\\\/?s={search_term_string}\"},\"query-input\":{\"@type\":\"PropertyValueSpecification\",\"valueRequired\":true,\"valueName\":\"search_term_string\"}}],\"inLanguage\":\"en-US\"},{\"@type\":\"Organization\",\"@id\":\"https:\\\/\\\/nak-automation.de\\\/en\\\/#organization\",\"name\":\"nak Automation GmbH\",\"url\":\"https:\\\/\\\/nak-automation.de\\\/en\\\/\",\"logo\":{\"@type\":\"ImageObject\",\"inLanguage\":\"en-US\",\"@id\":\"https:\\\/\\\/nak-automation.de\\\/en\\\/#\\\/schema\\\/logo\\\/image\\\/\",\"url\":\"https:\\\/\\\/nak-automation.de\\\/wp-content\\\/uploads\\\/sites\\\/2\\\/2020\\\/03\\\/NAK-Automation-Amberg-Logo-web-200.png\",\"contentUrl\":\"https:\\\/\\\/nak-automation.de\\\/wp-content\\\/uploads\\\/sites\\\/2\\\/2020\\\/03\\\/NAK-Automation-Amberg-Logo-web-200.png\",\"width\":200,\"height\":200,\"caption\":\"nak Automation GmbH\"},\"image\":{\"@id\":\"https:\\\/\\\/nak-automation.de\\\/en\\\/#\\\/schema\\\/logo\\\/image\\\/\"}}]}<\/script>\n<!-- \/ Yoast SEO plugin. -->","yoast_head_json":{"title":"Whistleblower portal - nak automation","description":"Flexible Zuf\u00fchrtechnik aus Bayern. Hochwertige Zuf\u00fchrl\u00f6sungen und Zuf\u00fchrkomponenten im Baukastensystem.","robots":{"index":"index","follow":"follow","max-snippet":"max-snippet:-1","max-image-preview":"max-image-preview:large","max-video-preview":"max-video-preview:-1"},"canonical":"https:\/\/nak-automation.de\/en\/whistleblower-portal\/","og_locale":"en_US","og_type":"article","og_title":"Whistleblower portal - nak automation","og_description":"Flexible Zuf\u00fchrtechnik aus Bayern. Hochwertige Zuf\u00fchrl\u00f6sungen und Zuf\u00fchrkomponenten im Baukastensystem.","og_url":"https:\/\/nak-automation.de\/en\/whistleblower-portal\/","og_site_name":"nak automation","article_modified_time":"2022-04-12T10:56:09+00:00","twitter_card":"summary_large_image","twitter_misc":{"Est. reading time":"15 minutes"},"schema":{"@context":"https:\/\/schema.org","@graph":[{"@type":"WebPage","@id":"https:\/\/nak-automation.de\/en\/whistleblower-portal\/","url":"https:\/\/nak-automation.de\/en\/whistleblower-portal\/","name":"Whistleblower portal - nak automation","isPartOf":{"@id":"https:\/\/nak-automation.de\/en\/#website"},"datePublished":"2022-04-12T10:36:58+00:00","dateModified":"2022-04-12T10:56:09+00:00","description":"Flexible Zuf\u00fchrtechnik aus Bayern. Hochwertige Zuf\u00fchrl\u00f6sungen und Zuf\u00fchrkomponenten im Baukastensystem.","breadcrumb":{"@id":"https:\/\/nak-automation.de\/en\/whistleblower-portal\/#breadcrumb"},"inLanguage":"en-US","potentialAction":[{"@type":"ReadAction","target":["https:\/\/nak-automation.de\/en\/whistleblower-portal\/"]}]},{"@type":"BreadcrumbList","@id":"https:\/\/nak-automation.de\/en\/whistleblower-portal\/#breadcrumb","itemListElement":[{"@type":"ListItem","position":1,"name":"Startseite","item":"https:\/\/nak-automation.de\/en\/"},{"@type":"ListItem","position":2,"name":"Whistleblower portal"}]},{"@type":"WebSite","@id":"https:\/\/nak-automation.de\/en\/#website","url":"https:\/\/nak-automation.de\/en\/","name":"nak automation","description":"Experts in Part Feeding","publisher":{"@id":"https:\/\/nak-automation.de\/en\/#organization"},"potentialAction":[{"@type":"SearchAction","target":{"@type":"EntryPoint","urlTemplate":"https:\/\/nak-automation.de\/en\/?s={search_term_string}"},"query-input":{"@type":"PropertyValueSpecification","valueRequired":true,"valueName":"search_term_string"}}],"inLanguage":"en-US"},{"@type":"Organization","@id":"https:\/\/nak-automation.de\/en\/#organization","name":"nak Automation GmbH","url":"https:\/\/nak-automation.de\/en\/","logo":{"@type":"ImageObject","inLanguage":"en-US","@id":"https:\/\/nak-automation.de\/en\/#\/schema\/logo\/image\/","url":"https:\/\/nak-automation.de\/wp-content\/uploads\/sites\/2\/2020\/03\/NAK-Automation-Amberg-Logo-web-200.png","contentUrl":"https:\/\/nak-automation.de\/wp-content\/uploads\/sites\/2\/2020\/03\/NAK-Automation-Amberg-Logo-web-200.png","width":200,"height":200,"caption":"nak Automation GmbH"},"image":{"@id":"https:\/\/nak-automation.de\/en\/#\/schema\/logo\/image\/"}}]}},"_links":{"self":[{"href":"https:\/\/nak-automation.de\/en\/wp-json\/wp\/v2\/pages\/1767","targetHints":{"allow":["GET"]}}],"collection":[{"href":"https:\/\/nak-automation.de\/en\/wp-json\/wp\/v2\/pages"}],"about":[{"href":"https:\/\/nak-automation.de\/en\/wp-json\/wp\/v2\/types\/page"}],"author":[{"embeddable":true,"href":"https:\/\/nak-automation.de\/en\/wp-json\/wp\/v2\/users\/1"}],"replies":[{"embeddable":true,"href":"https:\/\/nak-automation.de\/en\/wp-json\/wp\/v2\/comments?post=1767"}],"version-history":[{"count":11,"href":"https:\/\/nak-automation.de\/en\/wp-json\/wp\/v2\/pages\/1767\/revisions"}],"predecessor-version":[{"id":1778,"href":"https:\/\/nak-automation.de\/en\/wp-json\/wp\/v2\/pages\/1767\/revisions\/1778"}],"wp:attachment":[{"href":"https:\/\/nak-automation.de\/en\/wp-json\/wp\/v2\/media?parent=1767"}],"curies":[{"name":"wp","href":"https:\/\/api.w.org\/{rel}","templated":true}]}}