{"id":850,"date":"2021-02-01T12:14:25","date_gmt":"2021-02-01T11:14:25","guid":{"rendered":"https:\/\/nak-automation.de\/contact\/"},"modified":"2025-04-08T11:54:29","modified_gmt":"2025-04-08T09:54:29","slug":"contact","status":"publish","type":"page","link":"https:\/\/nak-automation.de\/en\/contact\/","title":{"rendered":"Contact"},"content":{"rendered":"<p><div class=\"fusion-fullwidth fullwidth-box fusion-builder-row-1 fusion-flex-container hundred-percent-fullwidth non-hundred-percent-height-scrolling\" style=\"--awb-border-radius-top-left:0px;--awb-border-radius-top-right:0px;--awb-border-radius-bottom-right:0px;--awb-border-radius-bottom-left:0px;--awb-padding-right:0px;--awb-padding-left:0px;--awb-flex-wrap:wrap;\" ><div class=\"fusion-builder-row fusion-row fusion-flex-align-items-flex-start fusion-flex-content-wrap\" style=\"width:104% !important;max-width:104% !important;margin-left: calc(-4% \/ 2 );margin-right: calc(-4% \/ 2 );\"><div class=\"fusion-layout-column fusion_builder_column fusion-builder-column-0 fusion_builder_column_1_1 1_1 fusion-flex-column\" style=\"--awb-bg-size:cover;--awb-width-large:100%;--awb-margin-top-large:0px;--awb-spacing-right-large:0px;--awb-margin-bottom-large:20px;--awb-spacing-left-large:0px;--awb-width-medium:100%;--awb-order-medium:0;--awb-spacing-right-medium:1.92%;--awb-spacing-left-medium:1.92%;--awb-width-small:100%;--awb-order-small:0;--awb-spacing-right-small:1.92%;--awb-spacing-left-small:1.92%;\"><div class=\"fusion-column-wrapper fusion-column-has-shadow fusion-flex-justify-content-flex-start fusion-content-layout-column\"><\/div><\/div><\/div><\/div><div class=\"fusion-fullwidth fullwidth-box fusion-builder-row-2 fusion-flex-container nonhundred-percent-fullwidth non-hundred-percent-height-scrolling\" style=\"--awb-border-radius-top-left:0px;--awb-border-radius-top-right:0px;--awb-border-radius-bottom-right:0px;--awb-border-radius-bottom-left:0px;--awb-padding-top:40px;--awb-padding-bottom:40px;--awb-margin-top:20px;--awb-background-color:rgba(255,255,255,0);--awb-flex-wrap:wrap;\" ><div class=\"fusion-builder-row fusion-row fusion-flex-align-items-flex-start fusion-flex-content-wrap\" style=\"max-width:1248px;margin-left: calc(-4% \/ 2 );margin-right: calc(-4% \/ 2 );\"><div class=\"fusion-layout-column fusion_builder_column fusion-builder-column-1 fusion_builder_column_1_1 1_1 fusion-flex-column\" style=\"--awb-bg-size:cover;--awb-width-large:100%;--awb-margin-top-large:0px;--awb-spacing-right-large:1.92%;--awb-margin-bottom-large:60px;--awb-spacing-left-large:1.92%;--awb-width-medium:100%;--awb-order-medium:0;--awb-spacing-right-medium:1.92%;--awb-spacing-left-medium:1.92%;--awb-width-small:100%;--awb-order-small:0;--awb-spacing-right-small:1.92%;--awb-spacing-left-small:1.92%;\" data-scroll-devices=\"small-visibility,medium-visibility,large-visibility\"><div class=\"fusion-column-wrapper fusion-column-has-shadow fusion-flex-justify-content-flex-start fusion-content-layout-column\"><div class=\"fusion-text fusion-text-1\" style=\"--awb-text-transform:none;--awb-text-color:#dd0000;\"><h1 style=\"text-align: center;\">Your contact to efficient feeding technology<\/h1>\n<\/div><\/div><\/div><div class=\"fusion-layout-column fusion_builder_column fusion-builder-column-2 fusion_builder_column_1_3 1_3 fusion-flex-column\" style=\"--awb-bg-size:cover;--awb-width-large:33.333333333333%;--awb-margin-top-large:0px;--awb-spacing-right-large:5.76%;--awb-margin-bottom-large:20px;--awb-spacing-left-large:5.76%;--awb-width-medium:100%;--awb-order-medium:0;--awb-spacing-right-medium:1.92%;--awb-spacing-left-medium:1.92%;--awb-width-small:100%;--awb-order-small:0;--awb-spacing-right-small:1.92%;--awb-spacing-left-small:1.92%;\"><div class=\"fusion-column-wrapper fusion-column-has-shadow fusion-flex-justify-content-flex-start fusion-content-layout-column\"><div class=\"fusion-image-element \" style=\"text-align:center;--awb-max-width:150px;--awb-caption-title-font-family:var(--h2_typography-font-family);--awb-caption-title-font-weight:var(--h2_typography-font-weight);--awb-caption-title-font-style:var(--h2_typography-font-style);--awb-caption-title-size:var(--h2_typography-font-size);--awb-caption-title-transform:var(--h2_typography-text-transform);--awb-caption-title-line-height:var(--h2_typography-line-height);--awb-caption-title-letter-spacing:var(--h2_typography-letter-spacing);\"><span class=\" fusion-imageframe imageframe-none imageframe-1 hover-type-none\"><img decoding=\"async\" width=\"300\" height=\"407\" alt=\"Headquarters of nak Automation GmbH in Amberg\/Bavaria\" title=\"Deutschland-Standort-NAK-Amberg-grau\" src=\"https:\/\/nak-automation.de\/wp-content\/uploads\/sites\/2\/2020\/12\/Deutschland-Standort-NAK-Amberg-grau.png\" data-orig-src=\"https:\/\/autec-sondermaschinenbau.de\/nak\/wp-content\/uploads\/sites\/2\/2020\/12\/Deutschland-Standort-NAK-Amberg-grau.png\" class=\"lazyload img-responsive wp-image-670\" srcset=\"data:image\/svg+xml,%3Csvg%20xmlns%3D%27http%3A%2F%2Fwww.w3.org%2F2000%2Fsvg%27%20width%3D%27300%27%20height%3D%27407%27%20viewBox%3D%270%200%20300%20407%27%3E%3Crect%20width%3D%27300%27%20height%3D%27407%27%20fill-opacity%3D%220%22%2F%3E%3C%2Fsvg%3E\" data-srcset=\"https:\/\/nak-automation.de\/wp-content\/uploads\/sites\/2\/2020\/12\/Deutschland-Standort-NAK-Amberg-grau-200x271.png 200w, https:\/\/nak-automation.de\/wp-content\/uploads\/sites\/2\/2020\/12\/Deutschland-Standort-NAK-Amberg-grau.png 300w\" data-sizes=\"auto\" data-orig-sizes=\"(max-width: 1024px) 100vw, (max-width: 640px) 100vw, 300px\" \/><\/span><\/div><\/div><\/div><div class=\"fusion-layout-column fusion_builder_column fusion-builder-column-3 fusion_builder_column_1_3 1_3 fusion-flex-column\" style=\"--awb-bg-size:cover;--awb-width-large:33.333333333333%;--awb-margin-top-large:0px;--awb-spacing-right-large:5.76%;--awb-margin-bottom-large:20px;--awb-spacing-left-large:5.76%;--awb-width-medium:100%;--awb-order-medium:0;--awb-spacing-right-medium:1.92%;--awb-spacing-left-medium:1.92%;--awb-width-small:100%;--awb-order-small:0;--awb-spacing-right-small:1.92%;--awb-spacing-left-small:1.92%;\"><div class=\"fusion-column-wrapper fusion-column-has-shadow fusion-flex-justify-content-flex-start fusion-content-layout-column\"><div class=\"fusion-text fusion-text-2\" style=\"--awb-text-transform:none;\"><p style=\"text-align: center;\">nak Automation GmbH<br \/>\nDr.-Aigner-Stra\u00dfe 13<br \/>\n92224 Amberg | Germany<br \/>\nPhone: <a href=\"tel:+4996218978600\">+49 9621 89 78 60-0<\/a><br \/>\nFax: +49 9621 89 78 60-99<br \/>\nE-Mail: info[at]nak-automation.de<br \/>\nWeb: <a href=\"https:\/\/nak-automation.de\/en\/\">www.nak-automation.de<\/a><\/p>\n<\/div><\/div><\/div><div class=\"fusion-layout-column fusion_builder_column fusion-builder-column-4 fusion_builder_column_1_3 1_3 fusion-flex-column\" style=\"--awb-bg-size:cover;--awb-width-large:33.333333333333%;--awb-margin-top-large:20px;--awb-spacing-right-large:5.76%;--awb-margin-bottom-large:20px;--awb-spacing-left-large:5.76%;--awb-width-medium:100%;--awb-order-medium:0;--awb-spacing-right-medium:1.92%;--awb-spacing-left-medium:1.92%;--awb-width-small:100%;--awb-order-small:0;--awb-spacing-right-small:1.92%;--awb-spacing-left-small:1.92%;\"><div class=\"fusion-column-wrapper fusion-column-has-shadow fusion-flex-justify-content-flex-start fusion-content-layout-column\"><div class=\"fusion-image-element \" style=\"--awb-max-width:300px;--awb-caption-title-font-family:var(--h2_typography-font-family);--awb-caption-title-font-weight:var(--h2_typography-font-weight);--awb-caption-title-font-style:var(--h2_typography-font-style);--awb-caption-title-size:var(--h2_typography-font-size);--awb-caption-title-transform:var(--h2_typography-text-transform);--awb-caption-title-line-height:var(--h2_typography-line-height);--awb-caption-title-letter-spacing:var(--h2_typography-letter-spacing);\"><span class=\" fusion-imageframe imageframe-none imageframe-2 hover-type-none\"><img decoding=\"async\" width=\"600\" height=\"427\" alt=\"Headquarters of nak Automation GmbH in Amberg\/Bavaria\" title=\"nak-automation-zufuehrtechnik-amberg\" src=\"https:\/\/nak-automation.de\/wp-content\/uploads\/sites\/2\/2025\/04\/nak-automation-zufuehrtechnik-amberg.jpg\" data-orig-src=\"https:\/\/nak-automation.de\/wp-content\/uploads\/sites\/2\/2025\/04\/nak-automation-zufuehrtechnik-amberg.jpg\" class=\"lazyload img-responsive wp-image-2220\" srcset=\"data:image\/svg+xml,%3Csvg%20xmlns%3D%27http%3A%2F%2Fwww.w3.org%2F2000%2Fsvg%27%20width%3D%27600%27%20height%3D%27427%27%20viewBox%3D%270%200%20600%20427%27%3E%3Crect%20width%3D%27600%27%20height%3D%27427%27%20fill-opacity%3D%220%22%2F%3E%3C%2Fsvg%3E\" data-srcset=\"https:\/\/nak-automation.de\/wp-content\/uploads\/sites\/2\/2025\/04\/nak-automation-zufuehrtechnik-amberg-200x142.jpg 200w, https:\/\/nak-automation.de\/wp-content\/uploads\/sites\/2\/2025\/04\/nak-automation-zufuehrtechnik-amberg-400x285.jpg 400w, https:\/\/nak-automation.de\/wp-content\/uploads\/sites\/2\/2025\/04\/nak-automation-zufuehrtechnik-amberg.jpg 600w\" data-sizes=\"auto\" data-orig-sizes=\"(max-width: 1024px) 100vw, (max-width: 640px) 100vw, 400px\" \/><\/span><\/div><\/div><\/div><\/div><\/div><\/p>\n","protected":false},"excerpt":{"rendered":"","protected":false},"author":1,"featured_media":0,"parent":0,"menu_order":0,"comment_status":"closed","ping_status":"closed","template":"100-width.php","meta":{"footnotes":""},"class_list":["post-850","page","type-page","status-publish","hentry"],"yoast_head":"<!-- This site is optimized with the Yoast SEO plugin v27.5 - https:\/\/yoast.com\/product\/yoast-seo-wordpress\/ -->\n<title>Contact - nak automation<\/title>\n<meta name=\"description\" content=\"Flexible Zuf\u00fchrtechnik aus Bayern. Hochwertige Zuf\u00fchrl\u00f6sungen und Zuf\u00fchrkomponenten im Baukastensystem.\" \/>\n<meta name=\"robots\" content=\"index, follow, max-snippet:-1, max-image-preview:large, max-video-preview:-1\" \/>\n<link rel=\"canonical\" href=\"https:\/\/nak-automation.de\/en\/contact\/\" \/>\n<meta property=\"og:locale\" content=\"en_US\" \/>\n<meta property=\"og:type\" content=\"article\" \/>\n<meta property=\"og:title\" content=\"Contact - nak automation\" \/>\n<meta property=\"og:description\" content=\"Flexible Zuf\u00fchrtechnik aus Bayern. Hochwertige Zuf\u00fchrl\u00f6sungen und Zuf\u00fchrkomponenten im Baukastensystem.\" \/>\n<meta property=\"og:url\" content=\"https:\/\/nak-automation.de\/en\/contact\/\" \/>\n<meta property=\"og:site_name\" content=\"nak automation\" \/>\n<meta property=\"article:modified_time\" content=\"2025-04-08T09:54:29+00:00\" \/>\n<meta name=\"twitter:card\" content=\"summary_large_image\" \/>\n<meta name=\"twitter:label1\" content=\"Est. reading time\" \/>\n\t<meta name=\"twitter:data1\" content=\"15 minutes\" \/>\n<script type=\"application\/ld+json\" class=\"yoast-schema-graph\">{\"@context\":\"https:\\\/\\\/schema.org\",\"@graph\":[{\"@type\":\"WebPage\",\"@id\":\"https:\\\/\\\/nak-automation.de\\\/en\\\/contact\\\/\",\"url\":\"https:\\\/\\\/nak-automation.de\\\/en\\\/contact\\\/\",\"name\":\"Contact - nak automation\",\"isPartOf\":{\"@id\":\"https:\\\/\\\/nak-automation.de\\\/en\\\/#website\"},\"datePublished\":\"2021-02-01T11:14:25+00:00\",\"dateModified\":\"2025-04-08T09:54:29+00:00\",\"description\":\"Flexible Zuf\u00fchrtechnik aus Bayern. Hochwertige Zuf\u00fchrl\u00f6sungen und Zuf\u00fchrkomponenten im Baukastensystem.\",\"breadcrumb\":{\"@id\":\"https:\\\/\\\/nak-automation.de\\\/en\\\/contact\\\/#breadcrumb\"},\"inLanguage\":\"en-US\",\"potentialAction\":[{\"@type\":\"ReadAction\",\"target\":[\"https:\\\/\\\/nak-automation.de\\\/en\\\/contact\\\/\"]}]},{\"@type\":\"BreadcrumbList\",\"@id\":\"https:\\\/\\\/nak-automation.de\\\/en\\\/contact\\\/#breadcrumb\",\"itemListElement\":[{\"@type\":\"ListItem\",\"position\":1,\"name\":\"Startseite\",\"item\":\"https:\\\/\\\/nak-automation.de\\\/en\\\/\"},{\"@type\":\"ListItem\",\"position\":2,\"name\":\"Contact\"}]},{\"@type\":\"WebSite\",\"@id\":\"https:\\\/\\\/nak-automation.de\\\/en\\\/#website\",\"url\":\"https:\\\/\\\/nak-automation.de\\\/en\\\/\",\"name\":\"nak automation\",\"description\":\"Experts in Part Feeding\",\"publisher\":{\"@id\":\"https:\\\/\\\/nak-automation.de\\\/en\\\/#organization\"},\"potentialAction\":[{\"@type\":\"SearchAction\",\"target\":{\"@type\":\"EntryPoint\",\"urlTemplate\":\"https:\\\/\\\/nak-automation.de\\\/en\\\/?s={search_term_string}\"},\"query-input\":{\"@type\":\"PropertyValueSpecification\",\"valueRequired\":true,\"valueName\":\"search_term_string\"}}],\"inLanguage\":\"en-US\"},{\"@type\":\"Organization\",\"@id\":\"https:\\\/\\\/nak-automation.de\\\/en\\\/#organization\",\"name\":\"nak Automation GmbH\",\"url\":\"https:\\\/\\\/nak-automation.de\\\/en\\\/\",\"logo\":{\"@type\":\"ImageObject\",\"inLanguage\":\"en-US\",\"@id\":\"https:\\\/\\\/nak-automation.de\\\/en\\\/#\\\/schema\\\/logo\\\/image\\\/\",\"url\":\"https:\\\/\\\/nak-automation.de\\\/wp-content\\\/uploads\\\/sites\\\/2\\\/2020\\\/03\\\/NAK-Automation-Amberg-Logo-web-200.png\",\"contentUrl\":\"https:\\\/\\\/nak-automation.de\\\/wp-content\\\/uploads\\\/sites\\\/2\\\/2020\\\/03\\\/NAK-Automation-Amberg-Logo-web-200.png\",\"width\":200,\"height\":200,\"caption\":\"nak Automation GmbH\"},\"image\":{\"@id\":\"https:\\\/\\\/nak-automation.de\\\/en\\\/#\\\/schema\\\/logo\\\/image\\\/\"}}]}<\/script>\n<!-- \/ Yoast SEO plugin. -->","yoast_head_json":{"title":"Contact - nak automation","description":"Flexible Zuf\u00fchrtechnik aus Bayern. Hochwertige Zuf\u00fchrl\u00f6sungen und Zuf\u00fchrkomponenten im Baukastensystem.","robots":{"index":"index","follow":"follow","max-snippet":"max-snippet:-1","max-image-preview":"max-image-preview:large","max-video-preview":"max-video-preview:-1"},"canonical":"https:\/\/nak-automation.de\/en\/contact\/","og_locale":"en_US","og_type":"article","og_title":"Contact - nak automation","og_description":"Flexible Zuf\u00fchrtechnik aus Bayern. Hochwertige Zuf\u00fchrl\u00f6sungen und Zuf\u00fchrkomponenten im Baukastensystem.","og_url":"https:\/\/nak-automation.de\/en\/contact\/","og_site_name":"nak automation","article_modified_time":"2025-04-08T09:54:29+00:00","twitter_card":"summary_large_image","twitter_misc":{"Est. reading time":"15 minutes"},"schema":{"@context":"https:\/\/schema.org","@graph":[{"@type":"WebPage","@id":"https:\/\/nak-automation.de\/en\/contact\/","url":"https:\/\/nak-automation.de\/en\/contact\/","name":"Contact - nak automation","isPartOf":{"@id":"https:\/\/nak-automation.de\/en\/#website"},"datePublished":"2021-02-01T11:14:25+00:00","dateModified":"2025-04-08T09:54:29+00:00","description":"Flexible Zuf\u00fchrtechnik aus Bayern. Hochwertige Zuf\u00fchrl\u00f6sungen und Zuf\u00fchrkomponenten im Baukastensystem.","breadcrumb":{"@id":"https:\/\/nak-automation.de\/en\/contact\/#breadcrumb"},"inLanguage":"en-US","potentialAction":[{"@type":"ReadAction","target":["https:\/\/nak-automation.de\/en\/contact\/"]}]},{"@type":"BreadcrumbList","@id":"https:\/\/nak-automation.de\/en\/contact\/#breadcrumb","itemListElement":[{"@type":"ListItem","position":1,"name":"Startseite","item":"https:\/\/nak-automation.de\/en\/"},{"@type":"ListItem","position":2,"name":"Contact"}]},{"@type":"WebSite","@id":"https:\/\/nak-automation.de\/en\/#website","url":"https:\/\/nak-automation.de\/en\/","name":"nak automation","description":"Experts in Part Feeding","publisher":{"@id":"https:\/\/nak-automation.de\/en\/#organization"},"potentialAction":[{"@type":"SearchAction","target":{"@type":"EntryPoint","urlTemplate":"https:\/\/nak-automation.de\/en\/?s={search_term_string}"},"query-input":{"@type":"PropertyValueSpecification","valueRequired":true,"valueName":"search_term_string"}}],"inLanguage":"en-US"},{"@type":"Organization","@id":"https:\/\/nak-automation.de\/en\/#organization","name":"nak Automation GmbH","url":"https:\/\/nak-automation.de\/en\/","logo":{"@type":"ImageObject","inLanguage":"en-US","@id":"https:\/\/nak-automation.de\/en\/#\/schema\/logo\/image\/","url":"https:\/\/nak-automation.de\/wp-content\/uploads\/sites\/2\/2020\/03\/NAK-Automation-Amberg-Logo-web-200.png","contentUrl":"https:\/\/nak-automation.de\/wp-content\/uploads\/sites\/2\/2020\/03\/NAK-Automation-Amberg-Logo-web-200.png","width":200,"height":200,"caption":"nak Automation GmbH"},"image":{"@id":"https:\/\/nak-automation.de\/en\/#\/schema\/logo\/image\/"}}]}},"_links":{"self":[{"href":"https:\/\/nak-automation.de\/en\/wp-json\/wp\/v2\/pages\/850","targetHints":{"allow":["GET"]}}],"collection":[{"href":"https:\/\/nak-automation.de\/en\/wp-json\/wp\/v2\/pages"}],"about":[{"href":"https:\/\/nak-automation.de\/en\/wp-json\/wp\/v2\/types\/page"}],"author":[{"embeddable":true,"href":"https:\/\/nak-automation.de\/en\/wp-json\/wp\/v2\/users\/1"}],"replies":[{"embeddable":true,"href":"https:\/\/nak-automation.de\/en\/wp-json\/wp\/v2\/comments?post=850"}],"version-history":[{"count":26,"href":"https:\/\/nak-automation.de\/en\/wp-json\/wp\/v2\/pages\/850\/revisions"}],"predecessor-version":[{"id":1924,"href":"https:\/\/nak-automation.de\/en\/wp-json\/wp\/v2\/pages\/850\/revisions\/1924"}],"wp:attachment":[{"href":"https:\/\/nak-automation.de\/en\/wp-json\/wp\/v2\/media?parent=850"}],"curies":[{"name":"wp","href":"https:\/\/api.w.org\/{rel}","templated":true}]}}